{"id":24,"date":"2013-11-02T01:31:05","date_gmt":"2013-11-02T01:31:05","guid":{"rendered":"http:\/\/digitalbla.com\/mlmixrun.com.br\/?page_id=24"},"modified":"2014-03-08T19:41:54","modified_gmt":"2014-03-08T22:41:54","slug":"contato","status":"publish","type":"page","link":"https:\/\/mlmixrun.com.br\/?page_id=24","title":{"rendered":"Contato"},"content":{"rendered":"\n                <div class='gf_browser_gecko gform_wrapper' id='gform_wrapper_2' ><a id='gf_2' name='gf_2' class='gform_anchor' ><\/a><form method='post' enctype='multipart\/form-data'  id='gform_2'  action='\/index.php?rest_route=%2Fwp%2Fv2%2Fpages%2F24#gf_2'>\n        <div id='gf_progressbar_wrapper_2' class='gf_progressbar_wrapper'>\n            <h3 class='gf_progressbar_title'>Etapa 1 de 2\n        <\/h3>\n            <div class='gf_progressbar'>\n                <div class='gf_progressbar_percentage percentbar_blue percentbar_50' style='width:50%;'><span>50%<\/span><\/div>\n            <\/div><\/div>\n                        <div class='gform_body'><div id='gform_page_2_1' class='gform_page' >\n                                    <div class='gform_page_fields'>\n                            <ul id='gform_fields_2' class='gform_fields top_label description_below'><li id='field_2_1' class='gfield               gfield_contains_required' ><label class='gfield_label' for='input_2_1_3'>Nome<span class='gfield_required'>*<\/span><\/label><div class='ginput_complex ginput_container' id='input_2_1'><span id='input_2_1_3_container' class='ginput_left'><input type='text' name='input_1.3' id='input_2_1_3' value='' tabindex='1' \/><label for='input_2_1_3'>Primeiro<\/label><\/span><span id='input_2_1_6_container' class='ginput_right'><input type='text' name='input_1.6' id='input_2_1_6' value='' tabindex='2' \/><label for='input_2_1_6'>Sobrenome<\/label><\/span><div class='gf_clear gf_clear_complex'><\/div><\/div><\/li><li id='field_2_2' class='gfield               gfield_contains_required' ><label class='gfield_label' for='input_2_2'>E-Mail<span class='gfield_required'>*<\/span><\/label><div class='ginput_complex ginput_container' id='input_2_2_container'><span id='input_2_2_1_container' class='ginput_left'><input type='text' name='input_2' id='input_2_2' value='' tabindex='3'  \/><label for='input_2_2'>Digite o e-mail<\/label><\/span><span id='input_2_2_2_container' class='ginput_right'><input type='text' name='input_2_2' id='input_2_2_2' value='' tabindex='4' \/><label for='input_2_2_2'>Confirmar e-mail<\/label><\/span><div class='gf_clear gf_clear_complex'><\/div><\/div><\/li><li id='field_2_3' class='gfield' ><label class='gfield_label' for='input_2_3_1'>Endere\u00e7o<\/label><div class='ginput_complex ginput_container' id='input_2_3'><span class='ginput_full' id='input_2_3_1_container'><input type='text' name='input_3.1' id='input_2_3_1' value='' tabindex='5' \/><label for='input_2_3_1' id='input_2_3_1_label'>Endere\u00e7o<\/label><\/span><span class='ginput_full' id='input_2_3_2_container' ><input type='text' name='input_3.2' id='input_2_3_2' value='' tabindex='6' \/><label for='input_2_3_2' id='input_2_3_2_label'>Bairro e Complemento<\/label><\/span><span class='ginput_left' id='input_2_3_3_container'><input type='text' name='input_3.3' id='input_2_3_3' value='' tabindex='7' \/><label for='input_2_3_3' id='input_2_3.3_label'>Cidade<\/label><\/span><span class='ginput_right' id='input_2_3_4_container' ><input type='text' name='input_3.4' id='input_2_3_4' value='' tabindex='9'   \/><label for='input_2_3_4' id='input_2_3_4_label'>Estado<\/label><\/span><span class='ginput_left' id='input_2_3_5_container'><input type='text' name='input_3.5' id='input_2_3_5' value='' tabindex='10' \/><label for='input_2_3_5' id='input_2_3_5_label'>ZIP \/ Postal Code<\/label><\/span><span class='ginput_right' id='input_2_3_6_container' ><select name='input_3.6' id='input_2_3_6' tabindex='11' ><option value='' selected='selected'><\/option><option value='Afeganist\u00e3o' >Afeganist\u00e3o<\/option><option value='Alb\u00e2nia' >Alb\u00e2nia<\/option><option value='Argelia' >Argelia<\/option><option value='Samoa Americana' >Samoa Americana<\/option><option value='Andorra' >Andorra<\/option><option value='Angola' >Angola<\/option><option value='Ant\u00edgua e Barbuda' >Ant\u00edgua e Barbuda<\/option><option value='Argentina' >Argentina<\/option><option value='Armenia' >Armenia<\/option><option value='Austr\u00e1lia' >Austr\u00e1lia<\/option><option value='\u00c1ustria' >\u00c1ustria<\/option><option value='Azerbaij\u00e3o' >Azerbaij\u00e3o<\/option><option value='Bahamas' >Bahamas<\/option><option value='Bahrain' >Bahrain<\/option><option value='Bangladesh' >Bangladesh<\/option><option value='Barbados' >Barbados<\/option><option value='Belarus' >Belarus<\/option><option value='B\u00e9lgica' >B\u00e9lgica<\/option><option value='Belize' >Belize<\/option><option value='Benin' >Benin<\/option><option value='Bermuda' >Bermuda<\/option><option value='But\u00e3o' >But\u00e3o<\/option><option value='Bolivia' >Bolivia<\/option><option value='B\u00f3snia e Hezergovina' >B\u00f3snia e Hezergovina<\/option><option value='Botsuana' >Botsuana<\/option><option value='Brasil' >Brasil<\/option><option value='Brunei' >Brunei<\/option><option value='Bulgaria' >Bulgaria<\/option><option value='Burkina Faso' >Burkina Faso<\/option><option value='Burundi' >Burundi<\/option><option value='Camboja' >Camboja<\/option><option value='Camar\u00f5es' >Camar\u00f5es<\/option><option value='Canad\u00e1' >Canad\u00e1<\/option><option value='Cabo Verde' >Cabo Verde<\/option><option value='Rep\u00fablica Central Africana' >Rep\u00fablica Central Africana<\/option><option value='Chade' >Chade<\/option><option value='Chile' >Chile<\/option><option value='China' >China<\/option><option value='Colombia' >Colombia<\/option><option value='Comores' >Comores<\/option><option value='Congo, Democratic Republic of the' >Congo, Democratic Republic of the<\/option><option value='Congo, Republic of the' >Congo, Republic of the<\/option><option value='Costa Rica' >Costa Rica<\/option><option value='Costa do Marfim' >Costa do Marfim<\/option><option value='Croacia' >Croacia<\/option><option value='Cuba' >Cuba<\/option><option value='Chipre' >Chipre<\/option><option value='Rep\u00fablica Tcheca' >Rep\u00fablica Tcheca<\/option><option value='Dinamarca' >Dinamarca<\/option><option value='Djibouti' >Djibouti<\/option><option value='Dominica' >Dominica<\/option><option value='Rep\u00fablica Dominicana' >Rep\u00fablica Dominicana<\/option><option value='Timor Leste' >Timor Leste<\/option><option value='Equador' >Equador<\/option><option value='Egito' >Egito<\/option><option value='El Salvador' >El Salvador<\/option><option value='Guin\u00e9 Equatorial' >Guin\u00e9 Equatorial<\/option><option value='Eritr\u00e9ia' >Eritr\u00e9ia<\/option><option value='Est\u00f4nia' >Est\u00f4nia<\/option><option value='Eti\u00f3pia' >Eti\u00f3pia<\/option><option value='Fiji' >Fiji<\/option><option value='Finl\u00e2ndia' >Finl\u00e2ndia<\/option><option value='Franca' >Franca<\/option><option value='Gab\u00e3o' >Gab\u00e3o<\/option><option value='Gambia' >Gambia<\/option><option value='Georgia' >Georgia<\/option><option value='Alemanha' >Alemanha<\/option><option value='Gana' >Gana<\/option><option value='Gr\u00e9cia' >Gr\u00e9cia<\/option><option value='Groenl\u00e2ndia' >Groenl\u00e2ndia<\/option><option value='Grenada' >Grenada<\/option><option value='Guam' >Guam<\/option><option value='Guatemala' >Guatemala<\/option><option value='Guin\u00e9' >Guin\u00e9<\/option><option value='Guin\u00e9-Bissau' >Guin\u00e9-Bissau<\/option><option value='Guiana' >Guiana<\/option><option value='Haiti' >Haiti<\/option><option value='Honduras' >Honduras<\/option><option value='Hong Kong' >Hong Kong<\/option><option value='Hungria' >Hungria<\/option><option value='Isl\u00e2ndia' >Isl\u00e2ndia<\/option><option value='India' >India<\/option><option value='Indonesia' >Indonesia<\/option><option value='Iran' >Iran<\/option><option value='Iraque' >Iraque<\/option><option value='Irlanda' >Irlanda<\/option><option value='Israel' >Israel<\/option><option value='Italia' >Italia<\/option><option value='Jamaica' >Jamaica<\/option><option value='Jap\u00e3o' >Jap\u00e3o<\/option><option value='Jordania' >Jordania<\/option><option value='Casaquist\u00e3o' >Casaquist\u00e3o<\/option><option value='Quenia' >Quenia<\/option><option value='Kiribati' >Kiribati<\/option><option value='Cor\u00e9ia do Norte' >Cor\u00e9ia do Norte<\/option><option value='Cor\u00e9ia do Sul' >Cor\u00e9ia do Sul<\/option><option value='Kuwait' >Kuwait<\/option><option value='Quirguist\u00e3o' >Quirguist\u00e3o<\/option><option value='Laos' >Laos<\/option><option value='Let\u00f4nia' >Let\u00f4nia<\/option><option value='L\u00edbano' >L\u00edbano<\/option><option value='Lesoto' >Lesoto<\/option><option value='Lib\u00e9ria' >Lib\u00e9ria<\/option><option value='L\u00edbia' >L\u00edbia<\/option><option value='Liechtenstein' >Liechtenstein<\/option><option value='Litu\u00e2nia' >Litu\u00e2nia<\/option><option value='Luxemburgo' >Luxemburgo<\/option><option value='Maced\u00f4nia' >Maced\u00f4nia<\/option><option value='Madagascar' >Madagascar<\/option><option value='Malawi' >Malawi<\/option><option value='Mal\u00e1sia' >Mal\u00e1sia<\/option><option value='Maldivas' >Maldivas<\/option><option value='Mali' >Mali<\/option><option value='Malta' >Malta<\/option><option value='Ilhas Marshall' >Ilhas Marshall<\/option><option value='Maurit\u00e2nia' >Maurit\u00e2nia<\/option><option value='Maur\u00edcio' >Maur\u00edcio<\/option><option value='M\u00e9xico' >M\u00e9xico<\/option><option value='Micron\u00e9sia' >Micron\u00e9sia<\/option><option value='Mold\u00e1via' >Mold\u00e1via<\/option><option value='M\u00f4naco' >M\u00f4naco<\/option><option value='Mong\u00f3lia' >Mong\u00f3lia<\/option><option value='Montenegro' >Montenegro<\/option><option value='Morrocos' >Morrocos<\/option><option value='Mo\u00e7ambique' >Mo\u00e7ambique<\/option><option value='Birm\u00e2nia' >Birm\u00e2nia<\/option><option value='Nam\u00edbia' >Nam\u00edbia<\/option><option value='Nauru' >Nauru<\/option><option value='Nepal' >Nepal<\/option><option value='Holanda' >Holanda<\/option><option value='Nova Zel\u00e2ndia' >Nova Zel\u00e2ndia<\/option><option value='Nicar\u00e1gua' >Nicar\u00e1gua<\/option><option value='N\u00edger' >N\u00edger<\/option><option value='Nig\u00e9ria' >Nig\u00e9ria<\/option><option value='Noruega' >Noruega<\/option><option value='Ilhas Marianas do Norte' >Ilhas Marianas do Norte<\/option><option value='Oman' >Oman<\/option><option value='Paquist\u00e3o' >Paquist\u00e3o<\/option><option value='Palau' >Palau<\/option><option value='Palestina' >Palestina<\/option><option value='Panam\u00e1' >Panam\u00e1<\/option><option value='Papua Nova Guin\u00e9' >Papua Nova Guin\u00e9<\/option><option value='Paraguai' >Paraguai<\/option><option value='Per\u00fa' >Per\u00fa<\/option><option value='Filipinas' >Filipinas<\/option><option value='Pol\u00f4nia' >Pol\u00f4nia<\/option><option value='Portugal' >Portugal<\/option><option value='Porto Rico' >Porto Rico<\/option><option value='Catar' >Catar<\/option><option value='Rom\u00eania' >Rom\u00eania<\/option><option value='R\u00fassia' >R\u00fassia<\/option><option value='Ruanda' >Ruanda<\/option><option value='S\u00e3o Crist\u00f3v\u00e3o e N\u00e9vis' >S\u00e3o Crist\u00f3v\u00e3o e N\u00e9vis<\/option><option value='Santa L\u00facia' >Santa L\u00facia<\/option><option value='S\u00e3o Vicente e Granadinas' >S\u00e3o Vicente e Granadinas<\/option><option value='Samoa' >Samoa<\/option><option value='San Marino' >San Marino<\/option><option value='S\u00e3o Tom\u00e9 e Pr\u00edncipe' >S\u00e3o Tom\u00e9 e Pr\u00edncipe<\/option><option value='Ar\u00e1bia Saudita' >Ar\u00e1bia Saudita<\/option><option value='Senegal' >Senegal<\/option><option value='S\u00e9rvia and Montenegro' >S\u00e9rvia and Montenegro<\/option><option value='Seicheles' >Seicheles<\/option><option value='Serra Leoa' >Serra Leoa<\/option><option value='Cingapura' >Cingapura<\/option><option value='Eslov\u00e1quia' >Eslov\u00e1quia<\/option><option value='Eslov\u00eania' >Eslov\u00eania<\/option><option value='Ilhas Salom\u00e3o' >Ilhas Salom\u00e3o<\/option><option value='Som\u00e1lia' >Som\u00e1lia<\/option><option value='\u00c1frica do Sul' >\u00c1frica do Sul<\/option><option value='Espanha' >Espanha<\/option><option value='Sri Lanka' >Sri Lanka<\/option><option value='Sud\u00e3o' >Sud\u00e3o<\/option><option value='Sudan, South' >Sudan, South<\/option><option value='Suriname' >Suriname<\/option><option value='Suazil\u00e2ndia' >Suazil\u00e2ndia<\/option><option value='Su\u00e9cia' >Su\u00e9cia<\/option><option value='Su\u00ed\u00e7a' >Su\u00ed\u00e7a<\/option><option value='S\u00edria' >S\u00edria<\/option><option value='Taiwan' >Taiwan<\/option><option value='Tadjiquist\u00e3o' >Tadjiquist\u00e3o<\/option><option value='Tanz\u00e2nia' >Tanz\u00e2nia<\/option><option value='Tail\u00e2ndia' >Tail\u00e2ndia<\/option><option value='Togo' >Togo<\/option><option value='Tonga' >Tonga<\/option><option value='Trinidad e Tobago' >Trinidad e Tobago<\/option><option value='Tun\u00edsia' >Tun\u00edsia<\/option><option value='Turquia' >Turquia<\/option><option value='Turcomenist\u00e3o' >Turcomenist\u00e3o<\/option><option value='Tuvalu' >Tuvalu<\/option><option value='Uganda' >Uganda<\/option><option value='Ucr\u00e2nia' >Ucr\u00e2nia<\/option><option value='Emirados \u00c1rabes Unidos' >Emirados \u00c1rabes Unidos<\/option><option value='Reino Unido' >Reino Unido<\/option><option value='Estados Unidos' >Estados Unidos<\/option><option value='Uruguai' >Uruguai<\/option><option value='Uzbequist\u00e3o' >Uzbequist\u00e3o<\/option><option value='Vanuatu' >Vanuatu<\/option><option value='Cidade do Vaticano' >Cidade do Vaticano<\/option><option value='Venezuela' >Venezuela<\/option><option value='Vietn\u00e3' >Vietn\u00e3<\/option><option value='Ilhas Virgens Brit\u00e2nicas' >Ilhas Virgens Brit\u00e2nicas<\/option><option value='Ilhas Virgens, EUA' >Ilhas Virgens, EUA<\/option><option value='I\u00eamen' >I\u00eamen<\/option><option value='Z\u00e2mbia' >Z\u00e2mbia<\/option><option value='Zimb\u00e1bue' >Zimb\u00e1bue<\/option><\/select><label for='input_2_3_6' id='input_2_3_6_label'>Pa\u00eds<\/label><\/span><div class='gf_clear gf_clear_complex'><\/div><\/div><\/li><\/ul>\n                    <\/div>\n                    <div class='gform_page_footer'>\n                         <input type='button' id='gform_next_button_2_8' class='button gform_next_button' value='Seguinte' tabindex='12' onclick='jQuery(\"#gform_target_page_number_2\").val(\"2\"); jQuery(\"#gform_2\").trigger(\"submit\",[true]); '\/>\n                    <\/div>\n                <\/div>\n                <div id='gform_page_2_2' class='gform_page' style='display:none;'>\n                    <div class='gform_page_fields'>\n                        <ul class='gform_fields top_label'><li id='field_2_4' class='gfield' ><label class='gfield_label' for='input_2_4'>Telefone<\/label><div class='ginput_container'><input name='input_4' id='input_2_4' type='text' value='' class='medium' tabindex='13'  \/><\/div><\/li><li id='field_2_5' class='gfield               gfield_contains_required' ><label class='gfield_label' for='input_2_5'>Data de nascimento<span class='gfield_required'>*<\/span><\/label><div class='ginput_container'><input name='input_5' id='input_2_5' type='text' value='' class='datepicker medium dmy datepicker_with_icon' tabindex='14' \/> <\/div><input type='hidden' id='gforms_calendar_icon_input_2_5' class='gform_hidden' value='https:\/\/mlmixrun.com.br\/wp-content\/plugins\/gravityforms\/images\/calendar.png'\/><\/li><li id='field_2_6' class='gfield               gfield_contains_required' ><label class='gfield_label'>Sexo<span class='gfield_required'>*<\/span><\/label><div class='ginput_container'><ul class='gfield_checkbox' id='input_2_6'><li class='gchoice_6_1'><input name='input_6.1' type='checkbox'  value='Masculino'  id='choice_6_1' tabindex='15'  \/><label for='choice_6_1'>Masculino<\/label><\/li><li class='gchoice_6_2'><input name='input_6.2' type='checkbox'  value='Feminino'  id='choice_6_2' tabindex='16'  \/><label for='choice_6_2'>Feminino<\/label><\/li><\/ul><\/div><\/li><li id='field_2_7' class='gfield' ><label class='gfield_label' for='input_2_7'>Mensagem<\/label><div class='ginput_container'><textarea name='input_7' id='input_2_7' class='textarea medium' tabindex='17'   rows='10' cols='50'><\/textarea><\/div><\/li>\n                            <\/ul><\/div>\n        <div class='gform_page_footer top_label'><input type='submit' id='gform_previous_button_2' class='button gform_previous_button' value='Anterior' tabindex='18' \/> <input type='submit' id='gform_submit_button_2' class='button gform_button' value='Enviar' tabindex='19' \/>\n            <input type='hidden' class='gform_hidden' name='is_submit_2' value='1' \/>\n            <input type='hidden' class='gform_hidden' name='gform_submit' value='2' \/>\n            <input type='hidden' class='gform_hidden' name='gform_unique_id' value='' \/>\n            <input type='hidden' class='gform_hidden' name='state_2' value='WyJhOjA6e30iLCIwMTEwZWY0ZTFmOTJjYTRjOGQ3NzAyYWZkYzNmZTU1NCJd' \/>\n            <input type='hidden' class='gform_hidden' name='gform_target_page_number_2' id='gform_target_page_number_2' value='2' \/>\n            <input type='hidden' class='gform_hidden' name='gform_source_page_number_2' id='gform_source_page_number_2' value='1' \/>\n            <input type='hidden' name='gform_field_values' value='' \/>\n            \n        <\/div>\n                            <\/div><\/div>\n                <\/form>\n                <\/div><script type='text\/javascript'> jQuery(document).ready(function(){jQuery(document).trigger('gform_post_render', [2, 1]) } ); <\/script>\n","protected":false},"excerpt":{"rendered":"","protected":false},"author":1,"featured_media":0,"parent":0,"menu_order":0,"comment_status":"closed","ping_status":"closed","template":"","meta":{"ngg_post_thumbnail":0,"footnotes":""},"class_list":["post-24","page","type-page","status-publish","hentry"],"_links":{"self":[{"href":"https:\/\/mlmixrun.com.br\/index.php?rest_route=\/wp\/v2\/pages\/24","targetHints":{"allow":["GET"]}}],"collection":[{"href":"https:\/\/mlmixrun.com.br\/index.php?rest_route=\/wp\/v2\/pages"}],"about":[{"href":"https:\/\/mlmixrun.com.br\/index.php?rest_route=\/wp\/v2\/types\/page"}],"author":[{"embeddable":true,"href":"https:\/\/mlmixrun.com.br\/index.php?rest_route=\/wp\/v2\/users\/1"}],"replies":[{"embeddable":true,"href":"https:\/\/mlmixrun.com.br\/index.php?rest_route=%2Fwp%2Fv2%2Fcomments&post=24"}],"version-history":[{"count":4,"href":"https:\/\/mlmixrun.com.br\/index.php?rest_route=\/wp\/v2\/pages\/24\/revisions"}],"predecessor-version":[{"id":201,"href":"https:\/\/mlmixrun.com.br\/index.php?rest_route=\/wp\/v2\/pages\/24\/revisions\/201"}],"wp:attachment":[{"href":"https:\/\/mlmixrun.com.br\/index.php?rest_route=%2Fwp%2Fv2%2Fmedia&parent=24"}],"curies":[{"name":"wp","href":"https:\/\/api.w.org\/{rel}","templated":true}]}}